{"id":237397,"date":"2022-07-14T10:19:18","date_gmt":"2022-07-14T14:19:18","guid":{"rendered":"https:\/\/canada.coop\/starting-a-co-op\/"},"modified":"2023-03-13T10:48:57","modified_gmt":"2023-03-13T14:48:57","slug":"starting-a-co-op","status":"publish","type":"page","link":"https:\/\/canada.coop\/en\/starting-a-co-op\/","title":{"rendered":"Starting a co-op"},"content":{"rendered":"<p>[et_pb_section fb_built=&#8221;1&#8243; _builder_version=&#8221;4.16.1&#8243; background_color=&#8221;#4B4B4D&#8221; background_image=&#8221;https:\/\/canada.coop\/wp-content\/uploads\/Lettre-oo-cmc.png&#8221; background_blend=&#8221;multiply&#8221; custom_padding=&#8221;40px|0px|40px|0px|true|false&#8221; animation_style=&#8221;fade&#8221; animation_duration=&#8221;1200ms&#8221; animation_delay=&#8221;100ms&#8221; global_colors_info=&#8221;{}&#8221;][et_pb_row _builder_version=&#8221;4.16.1&#8243; background_size=&#8221;initial&#8221; background_position=&#8221;top_left&#8221; background_repeat=&#8221;repeat&#8221; custom_margin=&#8221;0px||0px||true|false&#8221; custom_padding=&#8221;0px||0px||false|false&#8221; animation_style=&#8221;slide&#8221; animation_direction=&#8221;top&#8221; animation_intensity_slide=&#8221;3%&#8221; global_colors_info=&#8221;{}&#8221;][et_pb_column type=&#8221;4_4&#8243; _builder_version=&#8221;4.16.1&#8243; custom_padding=&#8221;0px||0px||true|false&#8221; global_colors_info=&#8221;{}&#8221; custom_padding__hover=&#8221;|||&#8221;][et_pb_text _builder_version=&#8221;4.17.3&#8243; text_font=&#8221;||||||||&#8221; header_font=&#8221;|700||on|||||dotted&#8221; header_text_align=&#8221;center&#8221; header_text_color=&#8221;#FFFFFF&#8221; header_font_size=&#8221;40px&#8221; header_line_height=&#8221;1.3em&#8221; background_size=&#8221;initial&#8221; background_position=&#8221;top_left&#8221; background_repeat=&#8221;repeat&#8221; custom_margin=&#8221;0px||0px||true|false&#8221; custom_padding=&#8221;9px||1px||false|false&#8221; animation_style=&#8221;fade&#8221; header_font_size_last_edited=&#8221;off|desktop&#8221; locked=&#8221;off&#8221; global_colors_info=&#8221;{}&#8221;]<\/p>\n<h1><span style=\"font-weight: 400;\"> Starting a co-op<\/span><\/h1>\n<p>[\/et_pb_text][\/et_pb_column][\/et_pb_row][\/et_pb_section][et_pb_section fb_built=&#8221;1&#8243; _builder_version=&#8221;4.17.3&#8243; _module_preset=&#8221;default&#8221; background_image=&#8221;https:\/\/canada.coop\/wp-content\/uploads\/circle-background-pattern.png&#8221; global_colors_info=&#8221;{}&#8221;][et_pb_row _builder_version=&#8221;4.17.3&#8243; _module_preset=&#8221;default&#8221; global_colors_info=&#8221;{}&#8221;][et_pb_column type=&#8221;4_4&#8243; _builder_version=&#8221;4.17.3&#8243; _module_preset=&#8221;default&#8221; global_colors_info=&#8221;{}&#8221;][et_pb_text _builder_version=&#8221;4.17.3&#8243; _module_preset=&#8221;default&#8221; global_colors_info=&#8221;{}&#8221;]<\/p>\n<p>If you want to start a business, the co-op model should be a strong option to consider. This business model provides a democratic way to build solid foundations while receiving funding from either employees, members or other stakeholders that want to support your endeavors. The co-operative business model is a great financial model and a way to give back to your community by offering needed goods or services. It also provides members the power to be a democratically active part of your organization.<\/p>\n<p>[\/et_pb_text][\/et_pb_column][\/et_pb_row][\/et_pb_section][et_pb_section fb_built=&#8221;1&#8243; _builder_version=&#8221;4.17.3&#8243; _module_preset=&#8221;default&#8221; background_color=&#8221;#f8f8f8&#8243; global_colors_info=&#8221;{}&#8221;][et_pb_row _builder_version=&#8221;4.17.3&#8243; _module_preset=&#8221;default&#8221; global_colors_info=&#8221;{}&#8221;][et_pb_column type=&#8221;4_4&#8243; _builder_version=&#8221;4.17.3&#8243; _module_preset=&#8221;default&#8221; global_colors_info=&#8221;{}&#8221;][dsm_text_divider header=&#8221;The process for incorporating a co-op&#8221; _builder_version=&#8221;4.17.3&#8243; _module_preset=&#8221;default&#8221; header_level=&#8221;h2&#8243; global_colors_info=&#8221;{}&#8221;][\/dsm_text_divider][\/et_pb_column][\/et_pb_row][et_pb_row _builder_version=&#8221;4.17.3&#8243; _module_preset=&#8221;default&#8221; global_colors_info=&#8221;{}&#8221;][et_pb_column type=&#8221;4_4&#8243; _builder_version=&#8221;4.17.3&#8243; _module_preset=&#8221;default&#8221; global_colors_info=&#8221;{}&#8221;][et_pb_text _builder_version=&#8221;4.18.0&#8243; _module_preset=&#8221;default&#8221; global_colors_info=&#8221;{}&#8221;]<\/p>\n<p>Incorporation gives your organization recognition and rights that are set by law. A co-operative can be incorported at the federal or provincial\/territorial level and its status includes several specificities. We suggest that you contact the provincial or sectorial co-operative association and\/or <a href=\"https:\/\/coopzone.coop\/\" target=\"_blank\" rel=\"noopener\">CoopZone<\/a> to support you in your efforts. If you are located in Quebec, <a href=\"https:\/\/cdrq.coop\/\" target=\"_blank\" rel=\"noopener\">la Coop\u00e9rative du D\u00e9veloppement R\u00e9gional du Qu\u00e9bec<\/a> or le <a href=\"https:\/\/reseau.coop\/\" target=\"_blank\" rel=\"noopener\">R\u00e9seau Co-op<\/a> can also help you with this process.<\/p>\n<p>[\/et_pb_text][et_pb_toggle title=&#8221;Co-op status and its implications&#8221; open_toggle_text_color=&#8221;#0096D6&#8243; icon_color=&#8221;#0096D6&#8243; toggle_icon=&#8221;&#x37;||divi||400&#8243; use_icon_font_size=&#8221;on&#8221; icon_font_size=&#8221;30px&#8221; open_icon_color=&#8221;#D8531D&#8221; open_toggle_icon=&#8221;&#x36;||divi||400&#8243; open_use_icon_font_size=&#8221;on&#8221; open_icon_font_size=&#8221;30px&#8221; _builder_version=&#8221;4.18.0&#8243; _module_preset=&#8221;default&#8221; title_text_color=&#8221;#0096D6&#8243; title_level=&#8221;h3&#8243; title_font=&#8221;|||on|||||&#8221; global_colors_info=&#8221;{}&#8221;]<\/p>\n<p><span style=\"font-weight: 400;\">Incorporation gives your organization recognition and rights that are set by law. <\/span>This legal status allows co-operatives to acquire assets, incur debt and generally facilitate the mobilization of capital. It also limits the liability of your members in case of financial or legal problems.<\/p>\n<p>Although an organization can informally operate as a co-operative, it cannot add the word co-operative in its name and isn\u2019t recognized as such by the law unless it is incorporated.<\/p>\n<p>A co-operative is incorporated either provincially or federally and is then governed either by a provincial or territorial Co-operatives Act, or <a href=\"https:\/\/laws-lois.justice.gc.ca\/eng\/acts\/C-1.7\/index.html\" target=\"_blank\" rel=\"noopener\">the Canada Co-operatives Act<\/a>. Wondering what the difference is between provincial or federal incorporation? It simply depends on the location of operations: a federally incorporated co-op will operate in at least two provinces or territories and will have fixed offices in more than one province or territory.<\/p>\n<p>[\/et_pb_toggle][et_pb_toggle title=&#8221;Incorporating a co-op on the federal level&#8221; open_toggle_text_color=&#8221;#0096D6&#8243; icon_color=&#8221;#0096D6&#8243; toggle_icon=&#8221;&#x37;||divi||400&#8243; use_icon_font_size=&#8221;on&#8221; icon_font_size=&#8221;30px&#8221; open_icon_color=&#8221;#D8531D&#8221; open_toggle_icon=&#8221;&#x36;||divi||400&#8243; open_use_icon_font_size=&#8221;on&#8221; open_icon_font_size=&#8221;30px&#8221; _builder_version=&#8221;4.18.0&#8243; _module_preset=&#8221;default&#8221; title_text_color=&#8221;#0096D6&#8243; title_level=&#8221;h3&#8243; title_font=&#8221;|||on|||||&#8221; global_colors_info=&#8221;{}&#8221;]<\/p>\n<p><a href=\"https:\/\/www.ic.gc.ca\/eic\/site\/icgc.nsf\/eng\/home\" target=\"_blank\" rel=\"noopener\"><span style=\"font-weight: 400;\">Innovation, Science and Economic Development Canada (ISED)<\/span><\/a><span style=\"font-weight: 400;\"> regulates co-operatives incorporated under <a href=\"https:\/\/laws-lois.justice.gc.ca\/eng\/acts\/C-1.7\/index.html\" target=\"_blank\" rel=\"noopener\">the Canada Co-operatives Act<\/a>. Their website provides access to policies, legislation, forms, and fees associated with federal co-operative incorporation.<\/span><\/p>\n<p>[\/et_pb_toggle][et_pb_toggle title=&#8221;Incorporating a co-op on a provincial or territorial level&#8221; open_toggle_text_color=&#8221;#0096D6&#8243; icon_color=&#8221;#0096D6&#8243; toggle_icon=&#8221;&#x37;||divi||400&#8243; use_icon_font_size=&#8221;on&#8221; icon_font_size=&#8221;30px&#8221; open_icon_color=&#8221;#D8531D&#8221; open_toggle_icon=&#8221;&#x36;||divi||400&#8243; open_use_icon_font_size=&#8221;on&#8221; open_icon_font_size=&#8221;30px&#8221; _builder_version=&#8221;4.20.2&#8243; _module_preset=&#8221;default&#8221; title_text_color=&#8221;#0096D6&#8243; title_level=&#8221;h3&#8243; title_font=&#8221;|||on|||||&#8221; hover_enabled=&#8221;0&#8243; global_colors_info=&#8221;{}&#8221; sticky_enabled=&#8221;0&#8243;]<\/p>\n<p><span style=\"font-weight: 400;\">Most Canadian co-ops are regulated under provincial or territorial law. To find out how to incorporate your co-op in your area, please select a province or territory :\u00a0<\/span><\/p>\n<ul>\n<li style=\"font-weight: 400;\" aria-level=\"1\"><a href=\"https:\/\/www.qp.alberta.ca\/570.cfm\" target=\"_blank\" rel=\"noopener\"><span style=\"font-weight: 400;\">Alberta<\/span><\/a><\/li>\n<li style=\"font-weight: 400;\" aria-level=\"1\"><a href=\"https:\/\/www2.gov.bc.ca\/gov\/content\/employment-business\/business\/managing-a-business\/permits-licences\/businesses-incorporated-companies\/cooperative-associations\" target=\"_blank\" rel=\"noopener\"><span style=\"font-weight: 400;\">British Colombia<\/span><\/a><\/li>\n<li style=\"font-weight: 400;\" aria-level=\"1\"><a href=\"https:\/\/www.gov.mb.ca\/jec\/busdev\/coop\/\" target=\"_blank\" rel=\"noopener\"><span style=\"font-weight: 400;\">Manitoba<\/span><\/a><\/li>\n<li style=\"font-weight: 400;\" aria-level=\"1\"><a href=\"https:\/\/fcnb.ca\/en\/personal-finances\/cooperatives\" target=\"_blank\" rel=\"noopener\"><span style=\"font-weight: 400;\">New Brunswick<\/span><\/a><\/li>\n<li style=\"font-weight: 400;\" aria-level=\"1\"><a href=\"https:\/\/www.gov.nl.ca\/dgsnl\/renseignements-en-francais\/\" target=\"_blank\" rel=\"noopener\"><span style=\"font-weight: 400;\">Newfoundland and Labrador<\/span><\/a><\/li>\n<li style=\"font-weight: 400;\" aria-level=\"1\"><a href=\"https:\/\/www.justice.gov.nt.ca\/en\/cooperative-associations\/\" target=\"_blank\" rel=\"noopener\"><span style=\"font-weight: 400;\">Northwest Territories<\/span><\/a><\/li>\n<li style=\"font-weight: 400;\" aria-level=\"1\"><a href=\"https:\/\/nslegislature.ca\/sites\/default\/files\/legc\/statutes\/co-operative%20associations.pdf\" target=\"_blank\" rel=\"noopener\"><span style=\"font-weight: 400;\">Nova Scotia<\/span><\/a><\/li>\n<li style=\"font-weight: 400;\" aria-level=\"1\"><a href=\"https:\/\/www.ontario.ca\/page\/start-dissolve-and-change-co-operative-corporation\" target=\"_blank\" rel=\"noopener\"><span style=\"font-weight: 400;\">Ontario<\/span><\/a><\/li>\n<li style=\"font-weight: 400;\" aria-level=\"1\"><a href=\"https:\/\/www.princeedwardisland.ca\/fr\" target=\"_blank\" rel=\"noopener\"><span style=\"font-weight: 400;\">Prince Edward Island<\/span><\/a><\/li>\n<li style=\"font-weight: 400;\" aria-level=\"1\"><a href=\"https:\/\/www.economie.gouv.qc.ca\/objectifs\/informer\/cooperatives\/\" target=\"_blank\" rel=\"noopener\"><span style=\"font-weight: 400;\">Quebec<\/span><\/a><\/li>\n<li style=\"font-weight: 400;\" aria-level=\"1\"><a href=\"https:\/\/www.saskatchewan.ca\/business\/entrepreneurs-start-or-exit-a-business\/start-a-business\" target=\"_blank\" rel=\"noopener\"><span style=\"font-weight: 400;\">Saskatchewan<\/span><\/a><\/li>\n<li style=\"font-weight: 400;\" aria-level=\"1\"><a href=\"https:\/\/yukon.ca\/en\/businesses-societies-and-securities\" target=\"_blank\" rel=\"noopener\"><span style=\"font-weight: 400;\">Yukon<\/span><\/a><\/li>\n<\/ul>\n<p>&nbsp;<\/p>\n<p>[\/et_pb_toggle][\/et_pb_column][\/et_pb_row][\/et_pb_section]<\/p>\n","protected":false},"excerpt":{"rendered":"<p>Starting a co-opIf you want to start a business, the co-op model should be a strong option to consider. This business model provides a democratic way to build solid foundations while receiving funding from either employees, members or other stakeholders that want to support your endeavors. The co-operative business model is a great financial model [&hellip;]<\/p>\n","protected":false},"author":7,"featured_media":0,"parent":0,"menu_order":0,"comment_status":"closed","ping_status":"closed","template":"","meta":{"_seopress_robots_primary_cat":"","_seopress_titles_title":"Starting a co-op %%sep%% Co-operatives and Mutuals Canada","_seopress_titles_desc":"If you want to start a business, the co-op model should be a strong option to consider. ","_seopress_robots_index":"","_et_pb_use_builder":"on","_et_pb_old_content":"","_et_gb_content_width":"","om_disable_all_campaigns":false,"footnotes":""},"class_list":["post-237397","page","type-page","status-publish","hentry"],"_links":{"self":[{"href":"https:\/\/canada.coop\/en\/wp-json\/wp\/v2\/pages\/237397","targetHints":{"allow":["GET"]}}],"collection":[{"href":"https:\/\/canada.coop\/en\/wp-json\/wp\/v2\/pages"}],"about":[{"href":"https:\/\/canada.coop\/en\/wp-json\/wp\/v2\/types\/page"}],"author":[{"embeddable":true,"href":"https:\/\/canada.coop\/en\/wp-json\/wp\/v2\/users\/7"}],"replies":[{"embeddable":true,"href":"https:\/\/canada.coop\/en\/wp-json\/wp\/v2\/comments?post=237397"}],"version-history":[{"count":5,"href":"https:\/\/canada.coop\/en\/wp-json\/wp\/v2\/pages\/237397\/revisions"}],"predecessor-version":[{"id":240830,"href":"https:\/\/canada.coop\/en\/wp-json\/wp\/v2\/pages\/237397\/revisions\/240830"}],"wp:attachment":[{"href":"https:\/\/canada.coop\/en\/wp-json\/wp\/v2\/media?parent=237397"}],"curies":[{"name":"wp","href":"https:\/\/api.w.org\/{rel}","templated":true}]}}