{"id":237549,"date":"2022-08-15T14:29:50","date_gmt":"2022-08-15T18:29:50","guid":{"rendered":"https:\/\/canada.coop\/?page_id=237549"},"modified":"2024-07-10T14:05:33","modified_gmt":"2024-07-10T18:05:33","slug":"co-operative-study-programs","status":"publish","type":"page","link":"https:\/\/canada.coop\/en\/co-operative-study-programs\/","title":{"rendered":"Co-operative Study Programs"},"content":{"rendered":"<p>[et_pb_section fb_built=&#8221;1&#8243; _builder_version=&#8221;4.16.1&#8243; background_color=&#8221;#4B4B4D&#8221; background_image=&#8221;https:\/\/canada.coop\/wp-content\/uploads\/Lettre-oo-cmc.png&#8221; background_blend=&#8221;multiply&#8221; custom_padding=&#8221;40px|0px|40px|0px|true|false&#8221; animation_style=&#8221;fade&#8221; animation_duration=&#8221;1200ms&#8221; animation_delay=&#8221;100ms&#8221; global_colors_info=&#8221;{}&#8221;][et_pb_row _builder_version=&#8221;4.16.1&#8243; background_size=&#8221;initial&#8221; background_position=&#8221;top_left&#8221; background_repeat=&#8221;repeat&#8221; custom_margin=&#8221;0px||0px||true|false&#8221; custom_padding=&#8221;0px||0px||false|false&#8221; animation_style=&#8221;slide&#8221; animation_direction=&#8221;top&#8221; animation_intensity_slide=&#8221;3%&#8221; global_colors_info=&#8221;{}&#8221;][et_pb_column type=&#8221;4_4&#8243; _builder_version=&#8221;4.16.1&#8243; custom_padding=&#8221;0px||0px||true|false&#8221; global_colors_info=&#8221;{}&#8221; custom_padding__hover=&#8221;|||&#8221;][et_pb_text _builder_version=&#8221;4.17.3&#8243; text_font=&#8221;||||||||&#8221; header_font=&#8221;|700||on|||||dotted&#8221; header_text_align=&#8221;center&#8221; header_text_color=&#8221;#FFFFFF&#8221; header_font_size=&#8221;40px&#8221; header_line_height=&#8221;1.3em&#8221; background_size=&#8221;initial&#8221; background_position=&#8221;top_left&#8221; background_repeat=&#8221;repeat&#8221; custom_margin=&#8221;0px||0px||true|false&#8221; custom_padding=&#8221;9px||1px||false|false&#8221; animation_style=&#8221;fade&#8221; header_font_size_last_edited=&#8221;off|desktop&#8221; locked=&#8221;off&#8221; global_colors_info=&#8221;{}&#8221;]<\/p>\n<h1>Co-operative study programs<\/h1>\n<p>[\/et_pb_text][\/et_pb_column][\/et_pb_row][\/et_pb_section][et_pb_section fb_built=&#8221;1&#8243; _builder_version=&#8221;4.17.3&#8243; _module_preset=&#8221;default&#8221; background_image=&#8221;https:\/\/canada.coop\/wp-content\/uploads\/circle-background-pattern.png&#8221; global_colors_info=&#8221;{}&#8221;][et_pb_row _builder_version=&#8221;4.17.1&#8243; _module_preset=&#8221;default&#8221; global_colors_info=&#8221;{}&#8221;][et_pb_column type=&#8221;4_4&#8243; _builder_version=&#8221;4.17.1&#8243; _module_preset=&#8221;default&#8221; global_colors_info=&#8221;{}&#8221;][et_pb_text _builder_version=&#8221;4.17.6&#8243; _module_preset=&#8221;default&#8221; custom_padding=&#8221;||0px|||&#8221; global_colors_info=&#8221;{}&#8221;]Several universities offer study programs that allow students and professionals to develop or deepen their knowledge of the co-operative movement.[\/et_pb_text][\/et_pb_column][\/et_pb_row][\/et_pb_section][et_pb_section fb_built=&#8221;1&#8243; _builder_version=&#8221;4.17.1&#8243; _module_preset=&#8221;default&#8221; background_color=&#8221;rgba(75,75,77,0.04)&#8221; global_colors_info=&#8221;{}&#8221;][et_pb_row _builder_version=&#8221;4.17.3&#8243; _module_preset=&#8221;default&#8221; global_colors_info=&#8221;{}&#8221;][et_pb_column type=&#8221;4_4&#8243; _builder_version=&#8221;4.17.3&#8243; _module_preset=&#8221;default&#8221; global_colors_info=&#8221;{}&#8221;][dsm_text_divider header=&#8221;Universities and institutes offering co-operative study programs&#8221; _builder_version=&#8221;4.26.0&#8243; _module_preset=&#8221;default&#8221; header_level=&#8221;h2&#8243; global_colors_info=&#8221;{}&#8221;][\/dsm_text_divider][\/et_pb_column][\/et_pb_row][et_pb_row column_structure=&#8221;1_2,1_2&#8243; _builder_version=&#8221;4.17.3&#8243; _module_preset=&#8221;default&#8221; animation_style=&#8221;fade&#8221; animation_duration=&#8221;1400ms&#8221; animation_delay=&#8221;450ms&#8221; global_colors_info=&#8221;{}&#8221;][et_pb_column type=&#8221;1_2&#8243; _builder_version=&#8221;4.17.3&#8243; _module_preset=&#8221;default&#8221; background_color=&#8221;#FFFFFF&#8221; custom_padding=&#8221;25px|25px|25px|25px|true|true&#8221; custom_css_main_element=&#8221;min-height: 240px;&#8221; border_radii=&#8221;on|7px|7px|7px|7px&#8221; box_shadow_style=&#8221;preset3&#8243; global_colors_info=&#8221;{}&#8221;][et_pb_text _builder_version=&#8221;4.26.0&#8243; _module_preset=&#8221;default&#8221; header_3_text_color=&#8221;#0096D6&#8243; custom_margin=&#8221;||-1px|||&#8221; link_option_url=&#8221;https:\/\/www.smu.ca\/cearc\/&#8221; link_option_url_new_window=&#8221;on&#8221; global_colors_info=&#8221;{}&#8221;]<\/p>\n<h3>Centre of Excellence in Accounting and Reporting for Co-operatives (CEARC) at Saint-Mary&#8217;s University<\/h3>\n<p>[\/et_pb_text][et_pb_text _builder_version=&#8221;4.26.0&#8243; _module_preset=&#8221;default&#8221; global_colors_info=&#8221;{}&#8221;]<\/p>\n<p>CEARC is a center for academic and applied research into the performance of co-operatives, credit unions and mutuals. The Center works with co-operatives, accounting practitioners, public accountants and academics to accurately reflect and communicate, through accounting and financial reporting, the unique and important role co-operatives play in our society and economy. Visit their website to find out more about their programs!<\/p>\n<p>[\/et_pb_text][\/et_pb_column][et_pb_column type=&#8221;1_2&#8243; _builder_version=&#8221;4.17.1&#8243; _module_preset=&#8221;default&#8221; background_color=&#8221;#FFFFFF&#8221; custom_padding=&#8221;25px|25px|25px|25px|true|true&#8221; custom_css_main_element=&#8221;min-height: 240px;&#8221; border_radii=&#8221;on|7px|7px|7px|7px&#8221; box_shadow_style=&#8221;preset3&#8243; global_colors_info=&#8221;{}&#8221;][et_pb_text _builder_version=&#8221;4.26.0&#8243; _module_preset=&#8221;default&#8221; header_3_text_color=&#8221;#0096D6&#8243; custom_margin=&#8221;||0px|||&#8221; link_option_url=&#8221;https:\/\/www.smu.ca\/iccm\/index.html&#8221; link_option_url_new_window=&#8221;on&#8221; global_colors_info=&#8221;{}&#8221;]<\/p>\n<h3>International Centre for Co-operative Management (ICCM) at Saint-Mary\u2019s University<\/h3>\n<p>[\/et_pb_text][et_pb_text _builder_version=&#8221;4.26.0&#8243; _module_preset=&#8221;default&#8221; global_colors_info=&#8221;{}&#8221;]<\/p>\n<p>The International Centre for Co-operative Management offers a variety of certificates, graduate programs and short courses, from full-time to part-time, to suit the needs of its different students. Visit their website to register for one or more of their programs!<\/p>\n<p>[\/et_pb_text][\/et_pb_column][\/et_pb_row][et_pb_row column_structure=&#8221;1_2,1_2&#8243; _builder_version=&#8221;4.17.3&#8243; _module_preset=&#8221;default&#8221; animation_style=&#8221;fade&#8221; animation_duration=&#8221;1400ms&#8221; animation_delay=&#8221;650ms&#8221; global_colors_info=&#8221;{}&#8221;][et_pb_column type=&#8221;1_2&#8243; _builder_version=&#8221;4.17.3&#8243; _module_preset=&#8221;default&#8221; background_color=&#8221;#FFFFFF&#8221; custom_padding=&#8221;25px|25px|25px|25px|true|true&#8221; custom_css_main_element=&#8221;min-height: 240px;&#8221; border_radii=&#8221;on|7px|7px|7px|7px&#8221; box_shadow_style=&#8221;preset3&#8243; global_colors_info=&#8221;{}&#8221;][et_pb_text _builder_version=&#8221;4.26.0&#8243; _module_preset=&#8221;default&#8221; header_3_text_color=&#8221;#0096D6&#8243; custom_margin=&#8221;||-1px|||&#8221; link_option_url=&#8221;https:\/\/usaskstudies.coop\/Learning-Opportunities\/Co-op-Courses.php&#8221; link_option_url_new_window=&#8221;on&#8221; global_colors_info=&#8221;{}&#8221;]<\/p>\n<h3>Canadian Centre for the Study of Co-operatives of the Johnson Shayama Gradute School of Public Policy (University of Saskatchewan and University of Regina)<\/h3>\n<p>[\/et_pb_text][et_pb_text _builder_version=&#8221;4.26.0&#8243; _module_preset=&#8221;default&#8221; global_colors_info=&#8221;{}&#8221;]<\/p>\n<p>The Canadian Centre for the Study of Co-operatives offers regular courses devoted exclusively to co-operative topics, courses that have a co-operative content but also deal with other topics, as well as special topic courses, which are developed on an ad hoc basis for students interested in specific topics not covered by regular courses. Visit their website to register for one or more of their programs.<\/p>\n<p>[\/et_pb_text][\/et_pb_column][et_pb_column type=&#8221;1_2&#8243; _builder_version=&#8221;4.17.1&#8243; _module_preset=&#8221;default&#8221; background_color=&#8221;#FFFFFF&#8221; custom_padding=&#8221;25px|25px|25px|25px|true|true&#8221; custom_css_main_element=&#8221;min-height: 240px;&#8221; border_radii=&#8221;on|7px|7px|7px|7px&#8221; box_shadow_style=&#8221;preset3&#8243; global_colors_info=&#8221;{}&#8221;][et_pb_text _builder_version=&#8221;4.26.0&#8243; _module_preset=&#8221;default&#8221; header_3_text_color=&#8221;#0096D6&#8243; custom_margin=&#8221;||0px|||&#8221; link_option_url=&#8221;https:\/\/www.usherbrooke.ca\/ssdp\/fileadmin\/sites\/ssdp\/documents\/Employeurs\/Fiches_de_programme\/admin\/UdeS_MBA_gestion-coopFR.pdf&#8221; global_colors_info=&#8221;{}&#8221;]<\/p>\n<h3>Master&#8217;s in management and governance of co-operatives and mutuals at the Universit\u00e9 de Sherbrooke<\/h3>\n<p>[\/et_pb_text][et_pb_text _builder_version=&#8221;4.26.0&#8243; _module_preset=&#8221;default&#8221; link_option_url=&#8221;https:\/\/www.irecus.org\/&#8221; link_option_url_new_window=&#8221;on&#8221; global_colors_info=&#8221;{}&#8221;]<\/p>\n<p>Created in 1976 at the instigation of the Quebec co-operative movement, IRECUS&#8217;s mission is to design and carry out multidisciplinary research and teaching activities in the management and governance of co-operatives and mutuals. Visit their website to learn more about their university programs.<\/p>\n<p>[\/et_pb_text][\/et_pb_column][\/et_pb_row][et_pb_row column_structure=&#8221;1_2,1_2&#8243; _builder_version=&#8221;4.17.3&#8243; _module_preset=&#8221;default&#8221; animation_style=&#8221;fade&#8221; animation_duration=&#8221;1400ms&#8221; animation_delay=&#8221;650ms&#8221; global_colors_info=&#8221;{}&#8221;][et_pb_column type=&#8221;1_2&#8243; _builder_version=&#8221;4.17.3&#8243; _module_preset=&#8221;default&#8221; background_color=&#8221;#FFFFFF&#8221; custom_padding=&#8221;25px|25px|25px|25px|true|true&#8221; custom_css_main_element=&#8221;min-height: 240px;&#8221; border_radii=&#8221;on|7px|7px|7px|7px&#8221; box_shadow_style=&#8221;preset3&#8243; global_colors_info=&#8221;{}&#8221;][et_pb_text _builder_version=&#8221;4.26.0&#8243; _module_preset=&#8221;default&#8221; header_3_text_color=&#8221;#0096D6&#8243; custom_margin=&#8221;||-1px|||&#8221; link_option_url=&#8221;https:\/\/www.oise.utoronto.ca\/lhae\/adult-education-community-development-program&#8221; link_option_url_new_window=&#8221;on&#8221; global_colors_info=&#8221;{}&#8221;]<\/p>\n<h3>University of Toronto<\/h3>\n<p>[\/et_pb_text][et_pb_text _builder_version=&#8221;4.26.0&#8243; _module_preset=&#8221;default&#8221; global_colors_info=&#8221;{}&#8221;]<\/p>\n<p>The University of Toronto&#8217;s Adult Education &amp; Community Development (AECD) program is at the forefront of research and practice in adult education and social justice learning, both locally and internationally. Visit the website to learn more about this program.<\/p>\n<p>[\/et_pb_text][\/et_pb_column][et_pb_column type=&#8221;1_2&#8243; _builder_version=&#8221;4.17.1&#8243; _module_preset=&#8221;default&#8221; background_color=&#8221;#FFFFFF&#8221; custom_padding=&#8221;25px|25px|25px|25px|true|true&#8221; custom_css_main_element=&#8221;min-height: 240px;&#8221; border_radii=&#8221;on|7px|7px|7px|7px&#8221; box_shadow_style=&#8221;preset3&#8243; global_colors_info=&#8221;{}&#8221;][et_pb_text _builder_version=&#8221;4.26.0&#8243; _module_preset=&#8221;default&#8221; header_3_text_color=&#8221;#0096D6&#8243; custom_margin=&#8221;||0px|||&#8221; link_option_url=&#8221;https:\/\/etudier.uqam.ca\/programme?code=0623&#8243; global_colors_info=&#8221;{}&#8221;]<\/p>\n<h3>Universit\u00e9 du Qu\u00e9bec \u00e0 Montr\u00e9al<\/h3>\n<p>[\/et_pb_text][et_pb_text _builder_version=&#8221;4.26.0&#8243; _module_preset=&#8221;default&#8221; custom_padding=&#8221;||13px|||&#8221; link_option_url=&#8221;https:\/\/etudier.uqam.ca\/programmes&#8221; link_option_url_new_window=&#8221;on&#8221; global_colors_info=&#8221;{}&#8221;]<\/p>\n<p>The Universit\u00e9 du Qu\u00e9bec \u00e0 Montr\u00e9al offers undergraduate and graduate programs for professionals who are managers or directors in organizations or enterprises with a social mission and a collective structure &#8211; co-operatives, non-profit organizations, NGOs, community organizations and foundations. Visit their website to find out more about their programs in co-operative and collective enterprise management.<\/p>\n<p>[\/et_pb_text][\/et_pb_column][\/et_pb_row][et_pb_row _builder_version=&#8221;4.17.3&#8243; _module_preset=&#8221;default&#8221; animation_style=&#8221;fade&#8221; animation_duration=&#8221;1400ms&#8221; animation_delay=&#8221;650ms&#8221; global_colors_info=&#8221;{}&#8221;][et_pb_column type=&#8221;4_4&#8243; _builder_version=&#8221;4.17.3&#8243; _module_preset=&#8221;default&#8221; background_color=&#8221;#FFFFFF&#8221; custom_padding=&#8221;25px|25px|25px|25px|true|true&#8221; custom_css_main_element=&#8221;min-height: 240px;&#8221; border_radii=&#8221;on|7px|7px|7px|7px&#8221; box_shadow_style=&#8221;preset3&#8243; global_colors_info=&#8221;{}&#8221;][et_pb_text _builder_version=&#8221;4.26.0&#8243; _module_preset=&#8221;default&#8221; header_3_text_color=&#8221;#0096D6&#8243; custom_margin=&#8221;||-1px|||&#8221; link_option_url=&#8221;https:\/\/institutcoop.hec.ca\/&#8221; global_colors_info=&#8221;{}&#8221;]<\/p>\n<h3>Alphone and Dorim\u00e8ne Desjardins International Institute for Cooperatives of HEC Montr\u00e9al<\/h3>\n<p>[\/et_pb_text][et_pb_text _builder_version=&#8221;4.26.0&#8243; _module_preset=&#8221;default&#8221; global_colors_info=&#8221;{}&#8221;]<\/p>\n<p>The Institute boasts the world&#8217;s largest library of co-operative-related documentation! What&#8217;s more, the HEC offers several cooperative-related training programs. Visit their website to find out more about their programs!<\/p>\n<p>[\/et_pb_text][\/et_pb_column][\/et_pb_row][et_pb_row _builder_version=&#8221;4.17.3&#8243; _module_preset=&#8221;default&#8221; global_colors_info=&#8221;{}&#8221;][et_pb_column type=&#8221;4_4&#8243; _builder_version=&#8221;4.17.3&#8243; _module_preset=&#8221;default&#8221; global_colors_info=&#8221;{}&#8221;][dsm_text_divider header=&#8221;Co-operative Programs&#8221; _builder_version=&#8221;4.26.0&#8243; _module_preset=&#8221;default&#8221; header_level=&#8221;h2&#8243; global_colors_info=&#8221;{}&#8221;][\/dsm_text_divider][\/et_pb_column][\/et_pb_row][et_pb_row column_structure=&#8221;1_2,1_2&#8243; _builder_version=&#8221;4.17.3&#8243; _module_preset=&#8221;default&#8221; animation_style=&#8221;fade&#8221; animation_duration=&#8221;1400ms&#8221; animation_delay=&#8221;650ms&#8221; global_colors_info=&#8221;{}&#8221;][et_pb_column type=&#8221;1_2&#8243; _builder_version=&#8221;4.17.3&#8243; _module_preset=&#8221;default&#8221; background_color=&#8221;#FFFFFF&#8221; custom_padding=&#8221;25px|25px|25px|25px|true|true&#8221; custom_css_main_element=&#8221;min-height: 240px;&#8221; border_radii=&#8221;on|7px|7px|7px|7px&#8221; box_shadow_style=&#8221;preset3&#8243; global_colors_info=&#8221;{}&#8221;][et_pb_text _builder_version=&#8221;4.17.6&#8243; _module_preset=&#8221;default&#8221; header_3_text_color=&#8221;#0096D6&#8243; custom_margin=&#8221;||-1px|||&#8221; link_option_url=&#8221;http:\/\/www.sfu.ca\/ced\/certificate.html&#8221; global_colors_info=&#8221;{}&#8221;]<\/p>\n<h3>Certificate in Community Economic Development at Simon Fraser University<\/h3>\n<p>[\/et_pb_text][et_pb_text _builder_version=&#8221;4.17.6&#8243; _module_preset=&#8221;default&#8221; global_colors_info=&#8221;{}&#8221;]This 8 months part-time program with a 2 week on campus includes a study tour as well as webinars. This program focuses on developing the practical use of models (including co-operatives) and tools for vibrant local economies.[\/et_pb_text][\/et_pb_column][et_pb_column type=&#8221;1_2&#8243; _builder_version=&#8221;4.17.3&#8243; _module_preset=&#8221;default&#8221; background_color=&#8221;#FFFFFF&#8221; custom_padding=&#8221;25px|25px|25px|25px|true|true&#8221; custom_css_main_element=&#8221;min-height: 240px;&#8221; border_radii=&#8221;on|7px|7px|7px|7px&#8221; box_shadow_style=&#8221;preset3&#8243; global_colors_info=&#8221;{}&#8221;][et_pb_text _builder_version=&#8221;4.26.0&#8243; _module_preset=&#8221;default&#8221; header_3_text_color=&#8221;#0096D6&#8243; custom_margin=&#8221;||-1px|||&#8221; link_option_url=&#8221;https:\/\/www.cbu.ca\/academics\/programs\/mba-in-community-economic-development\/&#8221; link_option_url_new_window=&#8221;on&#8221; global_colors_info=&#8221;{}&#8221;]<\/p>\n<h3>MBA Community Economic Development at Cape Breton University<\/h3>\n<p>[\/et_pb_text][et_pb_text _builder_version=&#8221;4.26.0&#8243; _module_preset=&#8221;default&#8221; hover_enabled=&#8221;0&#8243; global_colors_info=&#8221;{}&#8221; sticky_enabled=&#8221;0&#8243;]<\/p>\n<p>The MBA at Cape Breton University offers a cutting-edge curriculum that includes all the business subjects found in traditional MBA programs, with a focus on economic development, leadership, governance and change management. The program is designed for individuals who aspire to leadership roles in the private, public and community sectors. Visit their website to find out more about this program.<\/p>\n<p>[\/et_pb_text][\/et_pb_column][\/et_pb_row][\/et_pb_section]<\/p>\n","protected":false},"excerpt":{"rendered":"<p>Co-operative study programsSeveral universities offer study programs that allow students and professionals to develop or deepen their knowledge of the co-operative movement.<div class=\"et_pb_module dsm_text_divider dsm_text_divider_0\">\n\t\t\t\t\n\t\t\t\t\n\t\t\t\t\n\t\t\t\t\n\t\t\t\t\n\t\t\t\t\n\t\t\t\t<div class=\"et_pb_module_inner\">\n\t\t\t\t\t<div class=\"dsm-text-divider-wrapper dsm-text-divider-align-center et_pb_bg_layout_light\">\n\t\t\t\t\n\t\t\t\t\n\t\t\t\t<div class=\"dsm-text-divider-before dsm-divider\"><\/div>\n\t\t\t\t<h2 class=\"dsm-text-divider-header et_pb_module_header\"><span>Universities and institutes offering co-operative study programs<\/span><\/h2>\n\t\t\t\t<div class=\"dsm-text-divider-after dsm-divider\"><\/div>\n\t\t\t<\/div>\n\t\t\t\t<\/div>\n\t\t\t<\/div>Centre of Excellence in Accounting and Reporting for Co-operatives (CEARC) at Saint-Mary&#8217;s UniversityCEARC is a center for academic and applied research into the [&hellip;]<\/p>\n","protected":false},"author":7,"featured_media":0,"parent":0,"menu_order":0,"comment_status":"closed","ping_status":"closed","template":"","meta":{"_seopress_robots_primary_cat":"","_seopress_titles_title":"Co-operative Study Programs - CMC","_seopress_titles_desc":"Discover Co-operative Study Programs offered by Canadian Universities.","_seopress_robots_index":"","_et_pb_use_builder":"on","_et_pb_old_content":"","_et_gb_content_width":"","om_disable_all_campaigns":false,"footnotes":""},"class_list":["post-237549","page","type-page","status-publish","hentry"],"_links":{"self":[{"href":"https:\/\/canada.coop\/en\/wp-json\/wp\/v2\/pages\/237549","targetHints":{"allow":["GET"]}}],"collection":[{"href":"https:\/\/canada.coop\/en\/wp-json\/wp\/v2\/pages"}],"about":[{"href":"https:\/\/canada.coop\/en\/wp-json\/wp\/v2\/types\/page"}],"author":[{"embeddable":true,"href":"https:\/\/canada.coop\/en\/wp-json\/wp\/v2\/users\/7"}],"replies":[{"embeddable":true,"href":"https:\/\/canada.coop\/en\/wp-json\/wp\/v2\/comments?post=237549"}],"version-history":[{"count":5,"href":"https:\/\/canada.coop\/en\/wp-json\/wp\/v2\/pages\/237549\/revisions"}],"predecessor-version":[{"id":244972,"href":"https:\/\/canada.coop\/en\/wp-json\/wp\/v2\/pages\/237549\/revisions\/244972"}],"wp:attachment":[{"href":"https:\/\/canada.coop\/en\/wp-json\/wp\/v2\/media?parent=237549"}],"curies":[{"name":"wp","href":"https:\/\/api.w.org\/{rel}","templated":true}]}}