{"id":244276,"date":"2024-04-17T11:09:38","date_gmt":"2024-04-17T15:09:38","guid":{"rendered":"https:\/\/canada.coop\/training-about-co-operatives\/"},"modified":"2024-07-11T10:00:20","modified_gmt":"2024-07-11T14:00:20","slug":"training-about-co-operatives","status":"publish","type":"page","link":"https:\/\/canada.coop\/en\/training-about-co-operatives\/","title":{"rendered":"Online Training about co-operatives"},"content":{"rendered":"<p>[et_pb_section fb_built=&#8221;1&#8243; _builder_version=&#8221;4.16.1&#8243; background_color=&#8221;#4B4B4D&#8221; background_image=&#8221;https:\/\/canada.coop\/wp-content\/uploads\/Lettre-oo-cmc.png&#8221; background_blend=&#8221;multiply&#8221; custom_padding=&#8221;40px|0px|40px|0px|true|false&#8221; animation_style=&#8221;fade&#8221; animation_duration=&#8221;1200ms&#8221; animation_delay=&#8221;100ms&#8221; global_colors_info=&#8221;{}&#8221;][et_pb_row _builder_version=&#8221;4.16.1&#8243; background_size=&#8221;initial&#8221; background_position=&#8221;top_left&#8221; background_repeat=&#8221;repeat&#8221; custom_margin=&#8221;0px||0px||true|false&#8221; custom_padding=&#8221;0px||0px||false|false&#8221; animation_style=&#8221;slide&#8221; animation_direction=&#8221;top&#8221; animation_intensity_slide=&#8221;3%&#8221; global_colors_info=&#8221;{}&#8221;][et_pb_column type=&#8221;4_4&#8243; _builder_version=&#8221;4.16.1&#8243; custom_padding=&#8221;0px||0px||true|false&#8221; global_colors_info=&#8221;{}&#8221; custom_padding__hover=&#8221;|||&#8221;][et_pb_text _builder_version=&#8221;4.24.3&#8243; text_font=&#8221;||||||||&#8221; header_font=&#8221;|700||on|||||dotted&#8221; header_text_align=&#8221;center&#8221; header_text_color=&#8221;#FFFFFF&#8221; header_font_size=&#8221;40px&#8221; header_line_height=&#8221;1.3em&#8221; background_size=&#8221;initial&#8221; background_position=&#8221;top_left&#8221; background_repeat=&#8221;repeat&#8221; custom_margin=&#8221;0px||0px||true|false&#8221; custom_padding=&#8221;9px||1px||false|false&#8221; animation_style=&#8221;fade&#8221; header_font_size_last_edited=&#8221;off|desktop&#8221; locked=&#8221;off&#8221; global_colors_info=&#8221;{}&#8221;]<\/p>\n<h1>Online Training about co-operatives<\/h1>\n<p>[\/et_pb_text][\/et_pb_column][\/et_pb_row][\/et_pb_section][et_pb_section fb_built=&#8221;1&#8243; _builder_version=&#8221;4.17.3&#8243; _module_preset=&#8221;default&#8221; background_image=&#8221;https:\/\/canada.coop\/wp-content\/uploads\/circle-background-pattern.png&#8221; global_colors_info=&#8221;{}&#8221;][et_pb_row _builder_version=&#8221;4.17.1&#8243; _module_preset=&#8221;default&#8221; global_colors_info=&#8221;{}&#8221;][et_pb_column type=&#8221;4_4&#8243; _builder_version=&#8221;4.17.1&#8243; _module_preset=&#8221;default&#8221; global_colors_info=&#8221;{}&#8221;][et_pb_text _builder_version=&#8221;4.26.0&#8243; _module_preset=&#8221;default&#8221; custom_padding=&#8221;||0px|||&#8221; global_colors_info=&#8221;{}&#8221;]<\/p>\n<p>A number of organizations offer online training courses to help you learn more about the co-operative movement.<\/p>\n<p>[\/et_pb_text][\/et_pb_column][\/et_pb_row][\/et_pb_section][et_pb_section fb_built=&#8221;1&#8243; _builder_version=&#8221;4.17.1&#8243; _module_preset=&#8221;default&#8221; background_color=&#8221;rgba(75,75,77,0.04)&#8221; global_colors_info=&#8221;{}&#8221;][et_pb_row _builder_version=&#8221;4.17.3&#8243; _module_preset=&#8221;default&#8221; global_colors_info=&#8221;{}&#8221;][et_pb_column type=&#8221;4_4&#8243; _builder_version=&#8221;4.17.3&#8243; _module_preset=&#8221;default&#8221; global_colors_info=&#8221;{}&#8221;][dsm_text_divider header=&#8221;Organizations offering Online Training on co-operatives&#8221; _builder_version=&#8221;4.26.0&#8243; _module_preset=&#8221;default&#8221; header_level=&#8221;h2&#8243; hover_enabled=&#8221;0&#8243; global_colors_info=&#8221;{}&#8221; sticky_enabled=&#8221;0&#8243;][\/dsm_text_divider][\/et_pb_column][\/et_pb_row][et_pb_row column_structure=&#8221;1_2,1_2&#8243; _builder_version=&#8221;4.17.3&#8243; _module_preset=&#8221;default&#8221; animation_style=&#8221;fade&#8221; animation_duration=&#8221;1400ms&#8221; animation_delay=&#8221;450ms&#8221; global_colors_info=&#8221;{}&#8221;][et_pb_column type=&#8221;1_2&#8243; _builder_version=&#8221;4.17.3&#8243; _module_preset=&#8221;default&#8221; background_color=&#8221;#FFFFFF&#8221; custom_padding=&#8221;25px|25px|25px|25px|true|true&#8221; custom_css_main_element=&#8221;min-height: 240px;&#8221; border_radii=&#8221;on|7px|7px|7px|7px&#8221; box_shadow_style=&#8221;preset3&#8243; global_colors_info=&#8221;{}&#8221;][et_pb_text _builder_version=&#8221;4.26.0&#8243; _module_preset=&#8221;default&#8221; header_3_text_color=&#8221;#0096D6&#8243; custom_margin=&#8221;||-1px|||&#8221; link_option_url=&#8221;https:\/\/cooperativesfirst.com\/take-an-online-course\/intro-to-coops\/&#8221; global_colors_info=&#8221;{}&#8221;]<\/p>\n<h3>Co-operative First<\/h3>\n<p>[\/et_pb_text][et_pb_text _builder_version=&#8221;4.26.0&#8243; _module_preset=&#8221;default&#8221; link_option_url=&#8221;https:\/\/cooperativesfirst.com\/webinars\/&#8221; link_option_url_new_window=&#8221;on&#8221; global_colors_info=&#8221;{}&#8221;]<\/p>\n<p>Co-operative First has a number of educational webinars on co-operatives that will help you learn more about the Canadian movement.<\/p>\n<p>[\/et_pb_text][\/et_pb_column][et_pb_column type=&#8221;1_2&#8243; _builder_version=&#8221;4.17.1&#8243; _module_preset=&#8221;default&#8221; background_color=&#8221;#FFFFFF&#8221; custom_padding=&#8221;25px|25px|25px|25px|true|true&#8221; custom_css_main_element=&#8221;min-height: 240px;&#8221; border_radii=&#8221;on|7px|7px|7px|7px&#8221; box_shadow_style=&#8221;preset3&#8243; global_colors_info=&#8221;{}&#8221;][et_pb_text _builder_version=&#8221;4.26.0&#8243; _module_preset=&#8221;default&#8221; header_3_text_color=&#8221;#0096D6&#8243; custom_margin=&#8221;||0px|||&#8221; link_option_url=&#8221;https:\/\/www.ontario.coop\/co-operative-education\/resources-for-co-operatives&#8221; global_colors_info=&#8221;{}&#8221;]<\/p>\n<h3>Ontario Co-operative Association<\/h3>\n<p>[\/et_pb_text][et_pb_text _builder_version=&#8221;4.26.0&#8243; _module_preset=&#8221;default&#8221; global_colors_info=&#8221;{}&#8221;]<\/p>\n<p>The Ontario Co-operative Association offers online training to help you better understand co-ops and co-operatives in this province\u00a0<\/p>\n<p>[\/et_pb_text][\/et_pb_column][\/et_pb_row][et_pb_row column_structure=&#8221;1_2,1_2&#8243; _builder_version=&#8221;4.17.3&#8243; _module_preset=&#8221;default&#8221; animation_style=&#8221;fade&#8221; animation_duration=&#8221;1400ms&#8221; animation_delay=&#8221;450ms&#8221; global_colors_info=&#8221;{}&#8221;][et_pb_column type=&#8221;1_2&#8243; _builder_version=&#8221;4.17.3&#8243; _module_preset=&#8221;default&#8221; background_color=&#8221;#FFFFFF&#8221; custom_padding=&#8221;25px|25px|25px|25px|true|true&#8221; custom_css_main_element=&#8221;min-height: 240px;&#8221; border_radii=&#8221;on|7px|7px|7px|7px&#8221; box_shadow_style=&#8221;preset3&#8243; global_colors_info=&#8221;{}&#8221;][et_pb_text _builder_version=&#8221;4.26.0&#8243; _module_preset=&#8221;default&#8221; header_3_text_color=&#8221;#0096D6&#8243; custom_margin=&#8221;||-1px|||&#8221; link_option_url=&#8221;https:\/\/bcca.coop\/knowledge-centre\/&#8221; link_option_url_new_window=&#8221;on&#8221; global_colors_info=&#8221;{}&#8221;]<\/p>\n<h3>BC Co-op Association<\/h3>\n<p>[\/et_pb_text][et_pb_text _builder_version=&#8221;4.24.3&#8243; _module_preset=&#8221;default&#8221; global_colors_info=&#8221;{}&#8221;]<\/p>\n<p><span lang=\"en-CA\" style=\"background: white;\">The BC Co-op Association provides resources to better understand this business model in British Columbia and to support the province&#8217;s co-ops and developers. <\/span><\/p>\n<p>[\/et_pb_text][\/et_pb_column][et_pb_column type=&#8221;1_2&#8243; _builder_version=&#8221;4.17.1&#8243; _module_preset=&#8221;default&#8221; background_color=&#8221;#FFFFFF&#8221; custom_padding=&#8221;25px|25px|25px|25px|true|true&#8221; custom_css_main_element=&#8221;min-height: 240px;&#8221; border_radii=&#8221;on|7px|7px|7px|7px&#8221; box_shadow_style=&#8221;preset3&#8243; global_colors_info=&#8221;{}&#8221;][et_pb_text _builder_version=&#8221;4.26.0&#8243; _module_preset=&#8221;default&#8221; header_3_text_color=&#8221;#0096D6&#8243; custom_margin=&#8221;||0px|||&#8221; link_option_url=&#8221;https:\/\/www.csmoesac.qc.ca\/formations-en-ligne\/gestion-des-cooperatives-et-mutuelles-au-coeur-dun-mouvement?utm_source=Cyberimpact&#038;utm_medium=email&#038;utm_campaign=Infolettre-15-avril-24&#8243; global_colors_info=&#8221;{}&#8221;]<\/p>\n<h3>Conseil qu\u00e9b\u00e9cois de la coop\u00e9ration et de la mutualit\u00e9 (CQCM)<\/h3>\n<p>[\/et_pb_text][et_pb_text _builder_version=&#8221;4.26.0&#8243; _module_preset=&#8221;default&#8221; link_option_url=&#8221;https:\/\/www.cqcm.coop\/education\/a-propos\/&#8221; global_colors_info=&#8221;{}&#8221;]<\/p>\n<p>The CQCM offers <a href=\"https:\/\/www.cqcm.coop\/microsites\/formation-a-distance-gestion-des-cooperatives-et-des-mutuelles\/\" target=\"_blank\" rel=\"noopener\">training in co-operative management<\/a>, as well as numerous resources. The CQCM educates young people and people of all ages about co-operatives and mutuals in Quebec.<\/p>\n<p>[\/et_pb_text][\/et_pb_column][\/et_pb_row][et_pb_row column_structure=&#8221;1_2,1_2&#8243; _builder_version=&#8221;4.17.3&#8243; _module_preset=&#8221;default&#8221; animation_style=&#8221;fade&#8221; animation_duration=&#8221;1400ms&#8221; animation_delay=&#8221;450ms&#8221; global_colors_info=&#8221;{}&#8221;][et_pb_column type=&#8221;1_2&#8243; _builder_version=&#8221;4.17.3&#8243; _module_preset=&#8221;default&#8221; background_color=&#8221;#FFFFFF&#8221; custom_padding=&#8221;25px|25px|25px|25px|true|true&#8221; custom_css_main_element=&#8221;min-height: 240px;&#8221; border_radii=&#8221;on|7px|7px|7px|7px&#8221; box_shadow_style=&#8221;preset3&#8243; global_colors_info=&#8221;{}&#8221;][et_pb_text _builder_version=&#8221;4.26.0&#8243; _module_preset=&#8221;default&#8221; header_3_text_color=&#8221;#0096D6&#8243; custom_margin=&#8221;||-1px|||&#8221; link_option_url=&#8221;https:\/\/www.acca.coop\/learning-and-development&#8221; link_option_url_new_window=&#8221;on&#8221; global_colors_info=&#8221;{}&#8221;]<\/p>\n<h3>Alberta Community and Co-operative Association<\/h3>\n<p>[\/et_pb_text][et_pb_text _builder_version=&#8221;4.26.0&#8243; _module_preset=&#8221;default&#8221; global_colors_info=&#8221;{}&#8221;]<\/p>\n<p>The Alberta Community and Co-operative Association offers online resources, training, research and more for Alberta co-ops.<\/p>\n<p>[\/et_pb_text][\/et_pb_column][et_pb_column type=&#8221;1_2&#8243; _builder_version=&#8221;4.17.1&#8243; _module_preset=&#8221;default&#8221; background_color=&#8221;#FFFFFF&#8221; custom_padding=&#8221;25px|25px|25px|25px|true|true&#8221; custom_css_main_element=&#8221;min-height: 240px;&#8221; border_radii=&#8221;on|7px|7px|7px|7px&#8221; box_shadow_style=&#8221;preset3&#8243; global_colors_info=&#8221;{}&#8221;][et_pb_text _builder_version=&#8221;4.26.0&#8243; _module_preset=&#8221;default&#8221; header_3_text_color=&#8221;#0096D6&#8243; custom_margin=&#8221;||0px|||&#8221; link_option_url=&#8221;https:\/\/www.smu.ca\/iccm\/specialtopicswebinars\/&#8221; global_colors_info=&#8221;{}&#8221;]<\/p>\n<h3>Saint-Mary&#8217;s University<\/h3>\n<p>[\/et_pb_text][et_pb_text _builder_version=&#8221;4.26.0&#8243; _module_preset=&#8221;default&#8221; link_option_url=&#8221;https:\/\/www.smu.ca\/iccm\/specialtopicswebinars\/&#8221; global_colors_info=&#8221;{}&#8221;]<\/p>\n<p>Saint-Mary&#8217;s University has an impressive library of co-op webinars! Visit their website to discover recordings of their webinars and to see what their next topic will be!<\/p>\n<p>[\/et_pb_text][\/et_pb_column][\/et_pb_row][\/et_pb_section]<\/p>\n","protected":false},"excerpt":{"rendered":"<p>Online Training about co-operativesA number of organizations offer online training courses to help you learn more about the co-operative movement.<div class=\"et_pb_module dsm_text_divider dsm_text_divider_0\">\n\t\t\t\t\n\t\t\t\t\n\t\t\t\t\n\t\t\t\t\n\t\t\t\t\n\t\t\t\t\n\t\t\t\t<div class=\"et_pb_module_inner\">\n\t\t\t\t\t<div class=\"dsm-text-divider-wrapper dsm-text-divider-align-center et_pb_bg_layout_light\">\n\t\t\t\t\n\t\t\t\t\n\t\t\t\t<div class=\"dsm-text-divider-before dsm-divider\"><\/div>\n\t\t\t\t<h2 class=\"dsm-text-divider-header et_pb_module_header\"><span>Organizations offering Online Training on co-operatives<\/span><\/h2>\n\t\t\t\t<div class=\"dsm-text-divider-after dsm-divider\"><\/div>\n\t\t\t<\/div>\n\t\t\t\t<\/div>\n\t\t\t<\/div>Co-operative FirstCo-operative First has a number of educational webinars on co-operatives that will help you learn more about the Canadian movement.Ontario Co-operative AssociationThe Ontario [&hellip;]<\/p>\n","protected":false},"author":7,"featured_media":0,"parent":0,"menu_order":0,"comment_status":"closed","ping_status":"closed","template":"","meta":{"_seopress_robots_primary_cat":"","_seopress_titles_title":"Online Training about co-operatives","_seopress_titles_desc":"Would you like to deepen your knowledge of the co-operative world through online training? Take a look at our list!","_seopress_robots_index":"","_et_pb_use_builder":"on","_et_pb_old_content":"","_et_gb_content_width":"","om_disable_all_campaigns":false,"footnotes":""},"class_list":["post-244276","page","type-page","status-publish","hentry"],"_links":{"self":[{"href":"https:\/\/canada.coop\/en\/wp-json\/wp\/v2\/pages\/244276","targetHints":{"allow":["GET"]}}],"collection":[{"href":"https:\/\/canada.coop\/en\/wp-json\/wp\/v2\/pages"}],"about":[{"href":"https:\/\/canada.coop\/en\/wp-json\/wp\/v2\/types\/page"}],"author":[{"embeddable":true,"href":"https:\/\/canada.coop\/en\/wp-json\/wp\/v2\/users\/7"}],"replies":[{"embeddable":true,"href":"https:\/\/canada.coop\/en\/wp-json\/wp\/v2\/comments?post=244276"}],"version-history":[{"count":5,"href":"https:\/\/canada.coop\/en\/wp-json\/wp\/v2\/pages\/244276\/revisions"}],"predecessor-version":[{"id":245002,"href":"https:\/\/canada.coop\/en\/wp-json\/wp\/v2\/pages\/244276\/revisions\/245002"}],"wp:attachment":[{"href":"https:\/\/canada.coop\/en\/wp-json\/wp\/v2\/media?parent=244276"}],"curies":[{"name":"wp","href":"https:\/\/api.w.org\/{rel}","templated":true}]}}